{"id":37980,"date":"2023-01-20T14:11:30","date_gmt":"2023-01-20T13:11:30","guid":{"rendered":"https:\/\/www.alpesdauphine.com\/avis-clients\/"},"modified":"2025-02-14T10:05:30","modified_gmt":"2025-02-14T09:05:30","slug":"klantbeoordelingen","status":"publish","type":"page","link":"https:\/\/www.alpesdauphine.com\/nl\/klantbeoordelingen\/","title":{"rendered":"Klantbeoordelingen"},"content":{"rendered":"\n<div class=\"wp-block-cover alignfull header-top\" style=\"margin-top:0px;margin-bottom:0px;padding-top:0;padding-right:0;padding-bottom:0px;padding-left:0;min-height:90vh;aspect-ratio:unset;\"><span aria-hidden=\"true\" class=\"wp-block-cover__background has-background-dim-0 has-background-dim\" style=\"background-color:#4c5134\"><\/span><img decoding=\"async\" width=\"1920\" height=\"1100\" class=\"wp-block-cover__image-background wp-image-2250 lazyload\" alt=\"\" data-src=\"https:\/\/www.alpesdauphine.com\/wp-content\/uploads\/camping-top.jpg\" data-object-fit=\"cover\" data-srcset=\"https:\/\/www.alpesdauphine.com\/wp-content\/uploads\/camping-top.jpg 1920w, https:\/\/www.alpesdauphine.com\/wp-content\/uploads\/camping-top-1024x587.jpg 1024w, https:\/\/www.alpesdauphine.com\/wp-content\/uploads\/camping-top-768x440.jpg 768w, https:\/\/www.alpesdauphine.com\/wp-content\/uploads\/camping-top-1536x880.jpg 1536w, https:\/\/www.alpesdauphine.com\/wp-content\/uploads\/camping-top-512x293.jpg 512w, https:\/\/www.alpesdauphine.com\/wp-content\/uploads\/camping-top-256x147.jpg 256w\" data-sizes=\"(max-width: 1920px) 100vw, 1920px\" src=\"data:image\/svg+xml;base64,PHN2ZyB3aWR0aD0iMSIgaGVpZ2h0PSIxIiB4bWxucz0iaHR0cDovL3d3dy53My5vcmcvMjAwMC9zdmciPjwvc3ZnPg==\" style=\"--smush-placeholder-width: 1920px; --smush-placeholder-aspect-ratio: 1920\/1100;\" \/><div class=\"wp-block-cover__inner-container is-layout-flow wp-block-cover-is-layout-flow\">\n<div class=\"wp-block-group animation--init--once animation--top is-layout-constrained wp-block-group-is-layout-constrained\" style=\"padding-bottom:0px\">\n<p class=\"has-text-align-center titre-top has-theme-white-color has-text-color has-h-1-font-size\"><strong>Camping 4 \u00e9toiles<br\/>\u00e0 deux pas de Gap !<\/strong><\/p>\n<\/div>\n\n\n\n<div class=\"wp-block-group alignfull motor-thelis has-theme-brown-2-background-color has-background is-layout-constrained wp-container-core-group-is-layout-2 wp-block-group-is-layout-constrained\" style=\"margin-top:0px;margin-bottom:0px;padding-top:10px;padding-right:0px;padding-bottom:12px;padding-left:0px\">\n<div class=\"wp-block-columns is-layout-flex wp-container-core-columns-is-layout-1 wp-block-columns-is-layout-flex\">\n<div class=\"wp-block-column is-layout-flow wp-block-column-is-layout-flow\" style=\"flex-basis:100%\">\n<section class=\"formulaire-de-recherche-bar\">\r\n            <div id=\"expand-thelis-formulaire\">[:fr]R\u00e9servez[:][:es]Reservar[:][:en]Book[:]<\/div>\r\n            <div class=\"container-form\"><thr-search-engine><\/thr-search-engine><a id=\"pay-btn-2\" onclick=\"window.open('https:\/\/thelisresa.webcamp.fr\/cart-directPayment.php?camping=alpesdauphine&amp;lang=nl');\"><i><\/i>Boek uw verblijf<\/a>\r\n            <style>\r\n            \r\n            .thr-search-engine .thr-search-engine-main > .thr-btn-search { max-width: 20% !important; }\r\n            .thr .btn i { margin-right: 0 !important; }\r\n            #pay-btn-2 { \r\n                position: absolute;\r\n                right: 0;top: 0;\r\n                margin: 10px;\r\n                border: 0;\r\n                background-color: ;\r\n                color: ;\r\n                cursor: pointer;\r\n                width: calc(17% - 5px);\r\n                padding: 17px 0;\r\n                font-size: 18px;\r\n                font-weight: bold;\r\n                text-transform: auto;\r\n                transition: all .35s;\r\n                display: flex;justify-content: center;\r\n                align-items: center;\r\n            }\r\n            #pay-btn-2 i {\r\n                display: inline-flex;\r\n                width:18px;height:18px;\r\n                margin-right: 5px;\r\n                background-image: url('data:image\/svg+xml;utf8,<?xml version=\"1.0\" encoding=\"utf-8\"?><svg width=\"1792\" height=\"1792\" viewBox=\"0 0 1792 1792\" xmlns=\"http:\/\/www.w3.org\/2000\/svg\"><path d=\"M704 1536q0 52-38 90t-90 38-90-38-38-90 38-90 90-38 90 38 38 90zm896 0q0 52-38 90t-90 38-90-38-38-90 38-90 90-38 90 38 38 90zm128-1088v512q0 24-16.5 42.5t-40.5 21.5l-1044 122q13 60 13 70 0 16-24 64h920q26 0 45 19t19 45-19 45-45 19h-1024q-26 0-45-19t-19-45q0-11 8-31.5t16-36 21.5-40 15.5-29.5l-177-823h-204q-26 0-45-19t-19-45 19-45 45-19h256q16 0 28.5 6.5t19.5 15.5 13 24.5 8 26 5.5 29.5 4.5 26h1201q26 0 45 19t19 45z\" fill=\"rgba(255,255,255,1)\" \/><\/svg>');\r\n                background-size: cover;background-position: center center;background-repeat: no-repeat;\r\n            }\r\n            #pay-btn-2:hover { background-color: ; }\r\n            .thr-search-engine { width: 83%; }\r\n\r\n            @media screen and (max-width: 1024px) {\r\n                #pay-btn-2 { top: 52px; }\r\n                .thr-search-engine .thr-search-engine-main > .thr-btn-search { max-width: inherit !important; }\r\n            }\r\n            @media screen and (max-width: 990px) {\r\n                .thr-search-engine { width: 100%; }\r\n                #pay-btn-2 { position: relative;width: calc(100% - 20px);top: auto;margin-top: 0; }\r\n            }\r\n\r\n            thr-search-engine { border-right: 200px rgba(0,0,0,0) solid;display: block; }\r\n            @media screen and (max-width: 1024px) {\r\n                thr-search-engine { border-right: inherit;display: inherit; }\r\n            }\r\n            <\/style>\r\n            <\/div><\/section><!-- .formulaire-de-recherche-bar --><style>\r\n        #expand-thelis-formulaire { display: none; }\r\n        @media screen and (max-width: 1024px) {\r\n            #expand-thelis-formulaire { display: block; }\r\n            .formulaire-de-recherche-bar .container-form { display: none; }\r\n        }\r\n    <\/style><script>\r\n    jQuery(document).ready(function($){\r\n        jQuery('#expand-thelis-formulaire').click(function(){\r\n            if(\r\n                jQuery('.formulaire-de-recherche-bar .container-form').css('display') == 'none'\r\n            ){\r\n                jQuery('.formulaire-de-recherche-bar .container-form').css('display', 'block');\r\n                jQuery('#expand-thelis-formulaire').addClass('expanded');\r\n            }else{\r\n                jQuery('.formulaire-de-recherche-bar .container-form').css('display', 'none');\r\n                jQuery('#expand-thelis-formulaire').removeClass('expanded');\r\n            }\r\n        });\r\n    });\r\n    <\/script>\n<\/div>\n<\/div>\n<\/div>\n<\/div><\/div>\n\n<div class=\"wp-block-group alignfull breadcrumbs-top is-layout-constrained wp-block-group-is-layout-constrained\" style=\"margin-top:0px;margin-bottom:0px\">\n<div class=\"wp-block-group is-layout-constrained wp-block-group-is-layout-constrained\">\n<span><span><a href=\"https:\/\/www.alpesdauphine.com\/nl\/\">Accueil<\/a><\/span><\/span>\n<\/div>\n<\/div>\n\n<div class=\"wp-block-group intro-page is-layout-constrained wp-block-group-is-layout-constrained\">\n<div class=\"wp-block-columns is-layout-flex wp-container-core-columns-is-layout-2 wp-block-columns-is-layout-flex\">\n<div class=\"wp-block-column is-layout-flow wp-block-column-is-layout-flow\">\n<div class=\"wp-block-group titre-left is-layout-constrained wp-block-group-is-layout-constrained\" style=\"padding-bottom:50px\">\n<h1 class=\"wp-block-heading has-text-align-center\">Avis clients<sub>Camping Alpes Dauphin\u00e9<\/sub><\/h1>\n<\/div>\n\n\n\n[gs_reviews establishment_id=&#8221;3247&#8243; format=&#8221;5&#8243; text_color=&#8221;#000000&#8243; stars_color=&#8221;#da3768&#8243; bg_color=&#8221;#ffffff&#8221; substr=&#8221;200&#8243; border_color=&#8221;#a7b3ce&#8221; border_radius=&#8221;8&#8243; max=&#8221;10&#8243;]\n<\/div>\n<\/div>\n<\/div>\n\n<div class=\"wp-block-group alignfull fons-top-footer is-layout-constrained wp-block-group-is-layout-constrained\"><\/div>\n","protected":false},"excerpt":{"rendered":"<p>Avis clientsCamping Alpes Dauphin\u00e9 [gs_reviews establishment_id=&#8221;3247&#8243; format=&#8221;5&#8243; text_color=&#8221;#000000&#8243; stars_color=&#8221;#da3768&#8243; bg_color=&#8221;#ffffff&#8221; substr=&#8221;200&#8243; border_color=&#8221;#a7b3ce&#8221; border_radius=&#8221;8&#8243; max=&#8221;10&#8243;]<\/p>\n","protected":false},"author":3,"featured_media":0,"parent":0,"menu_order":6,"comment_status":"closed","ping_status":"closed","template":"","meta":{"_acf_changed":false,"inline_featured_image":false,"footnotes":""},"class_list":["post-37980","page","type-page","status-publish","hentry"],"acf":[],"featured_image_src":null,"yoast_head":"<!-- This site is optimized with the Yoast SEO plugin v24.8 - https:\/\/yoast.com\/wordpress\/plugins\/seo\/ -->\n<title>Klantbeoordelingen - camping Alpes Dauphin\u00e9 in Hautes-Alpes<\/title>\n<meta name=\"description\" content=\"Wat onze klanten vinden van camping Alpes Dauphin\u00e9, een 4-sterrencamping vlak bij Gap, het meer van Serre-Pon\u00e7on en het Nationaal Parc des Ecrins.\" \/>\n<meta name=\"robots\" content=\"index, follow, max-snippet:-1, max-image-preview:large, max-video-preview:-1\" \/>\n<link rel=\"canonical\" href=\"https:\/\/www.alpesdauphine.com\/nl\/klantbeoordelingen\/\" \/>\n<meta property=\"og:locale\" content=\"nl_NL\" \/>\n<meta property=\"og:type\" content=\"article\" \/>\n<meta property=\"og:title\" content=\"Klantbeoordelingen - camping Alpes Dauphin\u00e9 in Hautes-Alpes\" \/>\n<meta property=\"og:description\" content=\"Wat onze klanten vinden van camping Alpes Dauphin\u00e9, een 4-sterrencamping vlak bij Gap, het meer van Serre-Pon\u00e7on en het Nationaal Parc des Ecrins.\" \/>\n<meta property=\"og:url\" content=\"https:\/\/www.alpesdauphine.com\/nl\/klantbeoordelingen\/\" \/>\n<meta property=\"og:site_name\" content=\"Alpes Dauphine\" \/>\n<meta property=\"article:modified_time\" content=\"2025-02-14T09:05:30+00:00\" \/>\n<meta property=\"og:image\" content=\"https:\/\/www.alpesdauphine.com\/wp-content\/uploads\/camping-top.jpg\" \/>\n\t<meta property=\"og:image:width\" content=\"1920\" \/>\n\t<meta property=\"og:image:height\" content=\"1100\" \/>\n\t<meta property=\"og:image:type\" content=\"image\/jpeg\" \/>\n<meta name=\"twitter:card\" content=\"summary_large_image\" \/>\n<meta name=\"twitter:label1\" content=\"Geschatte leestijd\" \/>\n\t<meta name=\"twitter:data1\" content=\"1 minuut\" \/>\n<script type=\"application\/ld+json\" class=\"yoast-schema-graph\">{\"@context\":\"https:\/\/schema.org\",\"@graph\":[{\"@type\":\"WebPage\",\"@id\":\"https:\/\/www.alpesdauphine.com\/nl\/klantbeoordelingen\/\",\"url\":\"https:\/\/www.alpesdauphine.com\/nl\/klantbeoordelingen\/\",\"name\":\"Klantbeoordelingen - camping Alpes Dauphin\u00e9 in Hautes-Alpes\",\"isPartOf\":{\"@id\":\"https:\/\/www.alpesdauphine.com\/nl\/#website\"},\"primaryImageOfPage\":{\"@id\":\"https:\/\/www.alpesdauphine.com\/nl\/klantbeoordelingen\/#primaryimage\"},\"image\":{\"@id\":\"https:\/\/www.alpesdauphine.com\/nl\/klantbeoordelingen\/#primaryimage\"},\"thumbnailUrl\":\"https:\/\/www.alpesdauphine.com\/wp-content\/uploads\/camping-top.jpg\",\"datePublished\":\"2023-01-20T13:11:30+00:00\",\"dateModified\":\"2025-02-14T09:05:30+00:00\",\"description\":\"Wat onze klanten vinden van camping Alpes Dauphin\u00e9, een 4-sterrencamping vlak bij Gap, het meer van Serre-Pon\u00e7on en het Nationaal Parc des Ecrins.\",\"breadcrumb\":{\"@id\":\"https:\/\/www.alpesdauphine.com\/nl\/klantbeoordelingen\/#breadcrumb\"},\"inLanguage\":\"nl-NL\",\"potentialAction\":[{\"@type\":\"ReadAction\",\"target\":[\"https:\/\/www.alpesdauphine.com\/nl\/klantbeoordelingen\/\"]}]},{\"@type\":\"ImageObject\",\"inLanguage\":\"nl-NL\",\"@id\":\"https:\/\/www.alpesdauphine.com\/nl\/klantbeoordelingen\/#primaryimage\",\"url\":\"https:\/\/www.alpesdauphine.com\/wp-content\/uploads\/camping-top.jpg\",\"contentUrl\":\"https:\/\/www.alpesdauphine.com\/wp-content\/uploads\/camping-top.jpg\"},{\"@type\":\"BreadcrumbList\",\"@id\":\"https:\/\/www.alpesdauphine.com\/nl\/klantbeoordelingen\/#breadcrumb\",\"itemListElement\":[{\"@type\":\"ListItem\",\"position\":1,\"name\":\"Accueil\",\"item\":\"https:\/\/www.alpesdauphine.com\/nl\/\"},{\"@type\":\"ListItem\",\"position\":2,\"name\":\"Klantbeoordelingen\"}]},{\"@type\":\"WebSite\",\"@id\":\"https:\/\/www.alpesdauphine.com\/nl\/#website\",\"url\":\"https:\/\/www.alpesdauphine.com\/nl\/\",\"name\":\"Alpes Dauphine\",\"description\":\"Camping 4 \u00e9toiles \u00e0 deux pas de Gap\",\"publisher\":{\"@id\":\"https:\/\/www.alpesdauphine.com\/nl\/#organization\"},\"potentialAction\":[{\"@type\":\"SearchAction\",\"target\":{\"@type\":\"EntryPoint\",\"urlTemplate\":\"https:\/\/www.alpesdauphine.com\/nl\/?s={search_term_string}\"},\"query-input\":{\"@type\":\"PropertyValueSpecification\",\"valueRequired\":true,\"valueName\":\"search_term_string\"}}],\"inLanguage\":\"nl-NL\"},{\"@type\":\"Organization\",\"@id\":\"https:\/\/www.alpesdauphine.com\/nl\/#organization\",\"name\":\"Alpes Dauphine\",\"url\":\"https:\/\/www.alpesdauphine.com\/nl\/\",\"logo\":{\"@type\":\"ImageObject\",\"inLanguage\":\"nl-NL\",\"@id\":\"https:\/\/www.alpesdauphine.com\/nl\/#\/schema\/logo\/image\/\",\"url\":\"https:\/\/www.alpesdauphine.com\/wp-content\/uploads\/logo-web.png\",\"contentUrl\":\"https:\/\/www.alpesdauphine.com\/wp-content\/uploads\/logo-web.png\",\"width\":237,\"height\":153,\"caption\":\"Alpes Dauphine\"},\"image\":{\"@id\":\"https:\/\/www.alpesdauphine.com\/nl\/#\/schema\/logo\/image\/\"}}]}<\/script>\n<!-- \/ Yoast SEO plugin. -->","yoast_head_json":{"title":"Klantbeoordelingen - camping Alpes Dauphin\u00e9 in Hautes-Alpes","description":"Wat onze klanten vinden van camping Alpes Dauphin\u00e9, een 4-sterrencamping vlak bij Gap, het meer van Serre-Pon\u00e7on en het Nationaal Parc des Ecrins.","robots":{"index":"index","follow":"follow","max-snippet":"max-snippet:-1","max-image-preview":"max-image-preview:large","max-video-preview":"max-video-preview:-1"},"canonical":"https:\/\/www.alpesdauphine.com\/nl\/klantbeoordelingen\/","og_locale":"nl_NL","og_type":"article","og_title":"Klantbeoordelingen - camping Alpes Dauphin\u00e9 in Hautes-Alpes","og_description":"Wat onze klanten vinden van camping Alpes Dauphin\u00e9, een 4-sterrencamping vlak bij Gap, het meer van Serre-Pon\u00e7on en het Nationaal Parc des Ecrins.","og_url":"https:\/\/www.alpesdauphine.com\/nl\/klantbeoordelingen\/","og_site_name":"Alpes Dauphine","article_modified_time":"2025-02-14T09:05:30+00:00","og_image":[{"width":1920,"height":1100,"url":"https:\/\/www.alpesdauphine.com\/wp-content\/uploads\/camping-top.jpg","type":"image\/jpeg"}],"twitter_card":"summary_large_image","twitter_misc":{"Geschatte leestijd":"1 minuut"},"schema":{"@context":"https:\/\/schema.org","@graph":[{"@type":"WebPage","@id":"https:\/\/www.alpesdauphine.com\/nl\/klantbeoordelingen\/","url":"https:\/\/www.alpesdauphine.com\/nl\/klantbeoordelingen\/","name":"Klantbeoordelingen - camping Alpes Dauphin\u00e9 in Hautes-Alpes","isPartOf":{"@id":"https:\/\/www.alpesdauphine.com\/nl\/#website"},"primaryImageOfPage":{"@id":"https:\/\/www.alpesdauphine.com\/nl\/klantbeoordelingen\/#primaryimage"},"image":{"@id":"https:\/\/www.alpesdauphine.com\/nl\/klantbeoordelingen\/#primaryimage"},"thumbnailUrl":"https:\/\/www.alpesdauphine.com\/wp-content\/uploads\/camping-top.jpg","datePublished":"2023-01-20T13:11:30+00:00","dateModified":"2025-02-14T09:05:30+00:00","description":"Wat onze klanten vinden van camping Alpes Dauphin\u00e9, een 4-sterrencamping vlak bij Gap, het meer van Serre-Pon\u00e7on en het Nationaal Parc des Ecrins.","breadcrumb":{"@id":"https:\/\/www.alpesdauphine.com\/nl\/klantbeoordelingen\/#breadcrumb"},"inLanguage":"nl-NL","potentialAction":[{"@type":"ReadAction","target":["https:\/\/www.alpesdauphine.com\/nl\/klantbeoordelingen\/"]}]},{"@type":"ImageObject","inLanguage":"nl-NL","@id":"https:\/\/www.alpesdauphine.com\/nl\/klantbeoordelingen\/#primaryimage","url":"https:\/\/www.alpesdauphine.com\/wp-content\/uploads\/camping-top.jpg","contentUrl":"https:\/\/www.alpesdauphine.com\/wp-content\/uploads\/camping-top.jpg"},{"@type":"BreadcrumbList","@id":"https:\/\/www.alpesdauphine.com\/nl\/klantbeoordelingen\/#breadcrumb","itemListElement":[{"@type":"ListItem","position":1,"name":"Accueil","item":"https:\/\/www.alpesdauphine.com\/nl\/"},{"@type":"ListItem","position":2,"name":"Klantbeoordelingen"}]},{"@type":"WebSite","@id":"https:\/\/www.alpesdauphine.com\/nl\/#website","url":"https:\/\/www.alpesdauphine.com\/nl\/","name":"Alpes Dauphine","description":"Camping 4 \u00e9toiles \u00e0 deux pas de Gap","publisher":{"@id":"https:\/\/www.alpesdauphine.com\/nl\/#organization"},"potentialAction":[{"@type":"SearchAction","target":{"@type":"EntryPoint","urlTemplate":"https:\/\/www.alpesdauphine.com\/nl\/?s={search_term_string}"},"query-input":{"@type":"PropertyValueSpecification","valueRequired":true,"valueName":"search_term_string"}}],"inLanguage":"nl-NL"},{"@type":"Organization","@id":"https:\/\/www.alpesdauphine.com\/nl\/#organization","name":"Alpes Dauphine","url":"https:\/\/www.alpesdauphine.com\/nl\/","logo":{"@type":"ImageObject","inLanguage":"nl-NL","@id":"https:\/\/www.alpesdauphine.com\/nl\/#\/schema\/logo\/image\/","url":"https:\/\/www.alpesdauphine.com\/wp-content\/uploads\/logo-web.png","contentUrl":"https:\/\/www.alpesdauphine.com\/wp-content\/uploads\/logo-web.png","width":237,"height":153,"caption":"Alpes Dauphine"},"image":{"@id":"https:\/\/www.alpesdauphine.com\/nl\/#\/schema\/logo\/image\/"}}]}},"_links":{"self":[{"href":"https:\/\/www.alpesdauphine.com\/nl\/wp-json\/wp\/v2\/pages\/37980","targetHints":{"allow":["GET"]}}],"collection":[{"href":"https:\/\/www.alpesdauphine.com\/nl\/wp-json\/wp\/v2\/pages"}],"about":[{"href":"https:\/\/www.alpesdauphine.com\/nl\/wp-json\/wp\/v2\/types\/page"}],"author":[{"embeddable":true,"href":"https:\/\/www.alpesdauphine.com\/nl\/wp-json\/wp\/v2\/users\/3"}],"replies":[{"embeddable":true,"href":"https:\/\/www.alpesdauphine.com\/nl\/wp-json\/wp\/v2\/comments?post=37980"}],"version-history":[{"count":0,"href":"https:\/\/www.alpesdauphine.com\/nl\/wp-json\/wp\/v2\/pages\/37980\/revisions"}],"wp:attachment":[{"href":"https:\/\/www.alpesdauphine.com\/nl\/wp-json\/wp\/v2\/media?parent=37980"}],"curies":[{"name":"wp","href":"https:\/\/api.w.org\/{rel}","templated":true}]}}